{"id":17,"date":"2024-03-28T14:52:49","date_gmt":"2024-03-28T14:52:49","guid":{"rendered":"https:\/\/www.hraskoloupodcast.cz\/?page_id=17"},"modified":"2025-11-13T20:41:15","modified_gmt":"2025-11-13T20:41:15","slug":"epizody","status":"publish","type":"page","link":"https:\/\/www.hraskoloupodcast.cz\/?page_id=17","title":{"rendered":"Epizody"},"content":{"rendered":"\n<div class=\"wp-block-query is-layout-flow wp-block-query-is-layout-flow\"><ul class=\"wp-block-post-template is-layout-flow wp-block-post-template-is-layout-flow\"><li class=\"wp-block-post post-725 post type-post status-publish format-standard hentry category-epozidy tag-predskolni-vzdelavani tag-tipy-a-prakticke-rady\">\n<h2 class=\"wp-block-post-title\">EP 19: ADHD u d\u011bt\u00ed: Co v\u00edme a co p\u0159ehl\u00ed\u017e\u00edme<\/h2>\n\n<div class=\"wp-block-post-excerpt\"><p class=\"wp-block-post-excerpt__excerpt\">Jak poznat ADHD u p\u0159ed\u0161kol\u00e1k\u016f a kde je hranice mezi b\u011b\u017enou d\u011btskou \u017eivost\u00ed a sign\u00e1ly, kter\u00e9 stoj\u00ed za pozornost? S d\u011btskou psychiatri\u010dkou a psychoterapeutkou MUDr. Ivetou Koblic, Ph.D. mluv\u00edme o<\/p><p class=\"wp-block-post-excerpt__more-text\"><a class=\"wp-block-post-excerpt__more-link\" href=\"https:\/\/www.hraskoloupodcast.cz\/?p=725\"><strong>Poslechnout epizodu<\/strong><\/a><\/p><\/div>\n<\/li><li class=\"wp-block-post post-722 post type-post status-publish format-standard hentry category-epozidy tag-hracky tag-rozvojove-hracky tag-tipy-a-prakticke-rady\">\n<h2 class=\"wp-block-post-title\">EP 18: p\u016fj\u010dovna hra\u010dek Toys &amp; Stories<\/h2>\n\n<div class=\"wp-block-post-excerpt\"><p class=\"wp-block-post-excerpt__excerpt\">Do epizody jsme si tentokr\u00e1t pozvaly Mark\u00e9tu Musilovou z Toys and Stories. Pov\u00eddaly jsme si o tom, jak cel\u00fd projekt funguje, jak\u00e9 typy hra\u010dek nab\u00edz\u00ed a pro\u010d se rodi\u010de v\u016fbec<\/p><p class=\"wp-block-post-excerpt__more-text\"><a class=\"wp-block-post-excerpt__more-link\" href=\"https:\/\/www.hraskoloupodcast.cz\/?p=722\"><strong>Poslechnout epizodu<\/strong><\/a><\/p><\/div>\n<\/li><li class=\"wp-block-post post-704 post type-post status-publish format-standard hentry category-epozidy tag-predskolni-vzdelavani tag-tipy-a-prakticke-rady\">\n<h2 class=\"wp-block-post-title\">EP 17: Milan Studni\u010dka o roli tat\u00ednk\u016f a maminek<\/h2>\n\n<div class=\"wp-block-post-excerpt\"><p class=\"wp-block-post-excerpt__excerpt\">S psychologem Milanem Studni\u010dkou z projektu Dovychovat mluv\u00edme o tom, pro\u010d jsou oba pro d\u00edt\u011b nenahraditeln\u00ed ,a pro\u010d bez spokojen\u00e9 m\u00e1my nefunguje nic. Co se v t\u00e9to epizod\u011b dozv\u00edte?<\/p><p class=\"wp-block-post-excerpt__more-text\"><a class=\"wp-block-post-excerpt__more-link\" href=\"https:\/\/www.hraskoloupodcast.cz\/?p=704\"><strong>Poslechnout epizodu<\/strong><\/a><\/p><\/div>\n<\/li><\/ul>\n\n<nav class=\"wp-block-query-pagination is-layout-flex wp-block-query-pagination-is-layout-flex\" aria-label=\"Str\u00e1nkov\u00e1n\u00ed\">\n\n\n<div class=\"wp-block-query-pagination-numbers\"><span aria-current=\"page\" class=\"page-numbers current\">1<\/span>\n<a class=\"page-numbers\" href=\"?query-19-page=2&#038;rest_route=%2Fwp%2Fv2%2Fpages%2F17\">2<\/a>\n<a class=\"page-numbers\" href=\"?query-19-page=3&#038;rest_route=%2Fwp%2Fv2%2Fpages%2F17\">3<\/a>\n<span class=\"page-numbers dots\">&hellip;<\/span>\n<a class=\"page-numbers\" href=\"?query-19-page=7&#038;rest_route=%2Fwp%2Fv2%2Fpages%2F17\">7<\/a><\/div>\n\n<a href=\"\/index.php?rest_route=%2Fwp%2Fv2%2Fpages%2F17&#038;query-19-page=2\" class=\"wp-block-query-pagination-next\">Dal\u0161\u00ed str\u00e1nka<\/a>\n<\/nav>\n\n\n<p><\/p>\n<\/div>\n\n\n\n<hr class=\"wp-block-separator has-alpha-channel-opacity is-style-wide\"\/>\n\n\n\n<p><strong>Podpo\u0159te vznik dal\u0161\u00edch epizod<\/strong><br>Hra \u0161kolou tvo\u0159\u00edme ve voln\u00e9m \u010dase jako dv\u011b m\u00e1my, kter\u00e9 cht\u011bj\u00ed sd\u00edlet kvalitn\u00ed rozhovory o d\u011btech, rodi\u010dovstv\u00ed a vzd\u011bl\u00e1v\u00e1n\u00ed. <\/p>\n\n\n\n<p>Pokud v\u00e1s n\u00e1\u0161 podcast t\u011b\u0161\u00ed a chcete n\u00e1m pomoct, m\u016f\u017eete n\u00e1m \u201ekoupit kafe\u201c.<br>Ka\u017ed\u00e1 podpora n\u00e1m pom\u00e1h\u00e1 m\u00edt v\u00edc \u010dasu na p\u0159\u00edpravu, nat\u00e1\u010den\u00ed i st\u0159ih. Za jakoukoliv podporu budeme r\u00e1di!<\/p>\n\n\n\n<p>\ud83d\udc49 <strong><a href=\"https:\/\/buymeacoffee.com\/hraskolou?fbclid=IwY2xjawODIE1leHRuA2FlbQIxMABicmlkETE5WUFObFp4RTJwa0VwRWZ6c3J0YwZhcHBfaWQQMjIyMDM5MTc4ODIwMDg5MgABHpneIFMEqQKcwlJxitq25ruEXAHfKxdQfc5JkJBCr09hlipRBJS-j2FvqTOM_aem_9r6LPDwWR9AJHGmh1FQ0fw\" target=\"_blank\" rel=\"noreferrer noopener\">Kupte n\u00e1m kafe<\/a><\/strong><\/p>\n","protected":false},"excerpt":{"rendered":"<p>Podpo\u0159te vznik dal\u0161\u00edch epizodHra \u0161kolou tvo\u0159\u00edme ve voln\u00e9m \u010dase jako dv\u011b m\u00e1my, kter\u00e9 cht\u011bj\u00ed sd\u00edlet kvalitn\u00ed rozhovory o d\u011btech, rodi\u010dovstv\u00ed a vzd\u011bl\u00e1v\u00e1n\u00ed. Pokud v\u00e1s n\u00e1\u0161 podcast t\u011b\u0161\u00ed a chcete n\u00e1m [&hellip;]<\/p>\n","protected":false},"author":1,"featured_media":0,"parent":0,"menu_order":0,"comment_status":"closed","ping_status":"closed","template":"","meta":{"footnotes":""},"class_list":["post-17","page","type-page","status-publish","hentry"],"_links":{"self":[{"href":"https:\/\/www.hraskoloupodcast.cz\/index.php?rest_route=\/wp\/v2\/pages\/17","targetHints":{"allow":["GET"]}}],"collection":[{"href":"https:\/\/www.hraskoloupodcast.cz\/index.php?rest_route=\/wp\/v2\/pages"}],"about":[{"href":"https:\/\/www.hraskoloupodcast.cz\/index.php?rest_route=\/wp\/v2\/types\/page"}],"author":[{"embeddable":true,"href":"https:\/\/www.hraskoloupodcast.cz\/index.php?rest_route=\/wp\/v2\/users\/1"}],"replies":[{"embeddable":true,"href":"https:\/\/www.hraskoloupodcast.cz\/index.php?rest_route=%2Fwp%2Fv2%2Fcomments&post=17"}],"version-history":[{"count":23,"href":"https:\/\/www.hraskoloupodcast.cz\/index.php?rest_route=\/wp\/v2\/pages\/17\/revisions"}],"predecessor-version":[{"id":716,"href":"https:\/\/www.hraskoloupodcast.cz\/index.php?rest_route=\/wp\/v2\/pages\/17\/revisions\/716"}],"wp:attachment":[{"href":"https:\/\/www.hraskoloupodcast.cz\/index.php?rest_route=%2Fwp%2Fv2%2Fmedia&parent=17"}],"curies":[{"name":"wp","href":"https:\/\/api.w.org\/{rel}","templated":true}]}}